{"id":1171,"date":"2023-05-27T18:27:52","date_gmt":"2023-05-27T18:27:52","guid":{"rendered":"https:\/\/rioescabas.com\/?page_id=1171"},"modified":"2023-06-12T19:10:08","modified_gmt":"2023-06-12T19:10:08","slug":"blog-rio-escabas","status":"publish","type":"page","link":"https:\/\/rioescabas.com\/en\/blog-rio-escabas\/","title":{"rendered":"Blog R\u00edo Escabas"},"content":{"rendered":"\t\t<div data-elementor-type=\"wp-page\" data-elementor-id=\"1171\" class=\"elementor elementor-1171\" data-elementor-post-type=\"page\">\n\t\t\t\t<div class=\"elementor-element elementor-element-11561779 e-flex e-con-boxed e-con e-parent\" data-id=\"11561779\" data-element_type=\"container\" data-e-type=\"container\" data-settings=\"{&quot;background_background&quot;:&quot;classic&quot;}\">\n\t\t\t\t\t<div class=\"e-con-inner\">\n\t\t\t\t<div class=\"elementor-element elementor-element-df9dd54 elementor-widget elementor-widget-heading\" data-id=\"df9dd54\" data-element_type=\"widget\" data-e-type=\"widget\" data-widget_type=\"heading.default\">\n\t\t\t\t<div class=\"elementor-widget-container\">\n\t\t\t\t\t<h1 class=\"elementor-heading-title elementor-size-default\">R\u00edo Escabas<br><span class=\"tit\">Hotel en la Serran\u00eda de Cuenca<\/span><\/h1>\t\t\t\t<\/div>\n\t\t\t\t<\/div>\n\t\t\t\t<div class=\"elementor-element elementor-element-3a71c350 elementor-widget__width-initial elementor-widget-mobile__width-initial elementor-widget elementor-widget-heading\" data-id=\"3a71c350\" data-element_type=\"widget\" data-e-type=\"widget\" data-widget_type=\"heading.default\">\n\t\t\t\t<div class=\"elementor-widget-container\">\n\t\t\t\t\t<h2 class=\"elementor-heading-title elementor-size-default\">BLOG<\/h2>\t\t\t\t<\/div>\n\t\t\t\t<\/div>\n\t\t<div class=\"elementor-element elementor-element-70cda63 e-flex e-con-boxed e-con e-child\" data-id=\"70cda63\" data-element_type=\"container\" data-e-type=\"container\">\n\t\t\t\t\t<div class=\"e-con-inner\">\n\t\t\t\t<div class=\"elementor-element elementor-element-4976f65 elementor-widget elementor-widget-heading\" data-id=\"4976f65\" data-element_type=\"widget\" data-e-type=\"widget\" data-widget_type=\"heading.default\">\n\t\t\t\t<div class=\"elementor-widget-container\">\n\t\t\t\t\t<h3 class=\"elementor-heading-title elementor-size-default\">Todas las facilidades y el mejor precio a su alcance, r\u00e1pido y sencillo.<\/h3>\t\t\t\t<\/div>\n\t\t\t\t<\/div>\n\t\t\t\t\t<\/div>\n\t\t\t\t<\/div>\n\t\t\t\t<div class=\"elementor-element elementor-element-27ff735 elementor-widget__width-inherit elementor-widget-tablet__width-initial elementor-widget elementor-widget-shortcode\" data-id=\"27ff735\" data-element_type=\"widget\" data-e-type=\"widget\" data-widget_type=\"shortcode.default\">\n\t\t\t\t<div class=\"elementor-widget-container\">\n\t\t\t\t\t\t\t<div class=\"elementor-shortcode\">[av_calendar id=1]<\/div>\n\t\t\t\t\t\t<\/div>\n\t\t\t\t<\/div>\n\t\t\t\t\t<\/div>\n\t\t\t\t<\/div>\n\t\t<div class=\"elementor-element elementor-element-4f9dee4 e-flex e-con-boxed e-con e-parent\" data-id=\"4f9dee4\" data-element_type=\"container\" data-e-type=\"container\">\n\t\t\t\t\t<div class=\"e-con-inner\">\n\t\t\t\t<div class=\"elementor-element elementor-element-f634304 elementor-widget elementor-widget-text-editor\" data-id=\"f634304\" data-element_type=\"widget\" data-e-type=\"widget\" data-widget_type=\"text-editor.default\">\n\t\t\t\t<div class=\"elementor-widget-container\">\n\t\t\t\t\t\t\t\t\t<p>Welcome to the blog of Hotel R\u00edo Escabas, your guide to discover the wonders of Ca\u00f1amares in the Sierra de Cuenca. Our blog offers you a carefully selected list of the best activities and places to enjoy in this enchanting region. From hiking trails that will take you to breathtaking waterfalls and panoramic viewpoints, to unique gastronomic experiences in local restaurants. Immerse yourself in the culture and natural beauty of Ca\u00f1amares with our recommendations and tips &#8211; get ready for an unforgettable experience in the Sierra de Cuenca!<\/p>\t\t\t\t\t\t\t\t<\/div>\n\t\t\t\t<\/div>\n\t\t\t\t\t<\/div>\n\t\t\t\t<\/div>\n\t\t<div class=\"elementor-element elementor-element-5867b68 e-flex e-con-boxed e-con e-parent\" data-id=\"5867b68\" data-element_type=\"container\" data-e-type=\"container\">\n\t\t\t\t\t<div class=\"e-con-inner\">\n\t\t\t\t<div class=\"elementor-element elementor-element-012a20a elementor-grid-2 elementor-grid-tablet-2 elementor-grid-mobile-1 elementor-posts--thumbnail-top elementor-card-shadow-yes elementor-posts__hover-gradient elementor-widget elementor-widget-posts\" data-id=\"012a20a\" data-element_type=\"widget\" data-e-type=\"widget\" data-settings=\"{&quot;cards_columns&quot;:&quot;2&quot;,&quot;cards_columns_tablet&quot;:&quot;2&quot;,&quot;cards_columns_mobile&quot;:&quot;1&quot;,&quot;cards_row_gap&quot;:{&quot;unit&quot;:&quot;px&quot;,&quot;size&quot;:35,&quot;sizes&quot;:[]},&quot;cards_row_gap_laptop&quot;:{&quot;unit&quot;:&quot;px&quot;,&quot;size&quot;:&quot;&quot;,&quot;sizes&quot;:[]},&quot;cards_row_gap_tablet&quot;:{&quot;unit&quot;:&quot;px&quot;,&quot;size&quot;:&quot;&quot;,&quot;sizes&quot;:[]},&quot;cards_row_gap_mobile&quot;:{&quot;unit&quot;:&quot;px&quot;,&quot;size&quot;:&quot;&quot;,&quot;sizes&quot;:[]}}\" data-widget_type=\"posts.cards\">\n\t\t\t\t<div class=\"elementor-widget-container\">\n\t\t\t\t\t\t\t<div class=\"elementor-posts-container elementor-posts elementor-posts--skin-cards elementor-grid\" role=\"list\">\n\t\t\t\t<article class=\"elementor-post elementor-grid-item post-1572 post type-post status-publish format-standard has-post-thumbnail hentry category-el-diario-de-rioescabas\" role=\"listitem\">\n\t\t\t<div class=\"elementor-post__card\">\n\t\t\t\t<a class=\"elementor-post__thumbnail__link\" href=\"https:\/\/rioescabas.com\/en\/beteta-y-las-ruinas-del-castillo-fuertescusa-naturaleza-y-historia-en-perfecta-armonia\/\" tabindex=\"-1\" ><div class=\"elementor-post__thumbnail\"><img fetchpriority=\"high\" decoding=\"async\" width=\"768\" height=\"452\" src=\"https:\/\/rioescabas.com\/en\/wp-content\/uploads\/sites\/2\/Beteta_castillo-copy-768x452.webp\" class=\"attachment-medium_large size-medium_large wp-image-1573\" alt=\"\" srcset=\"https:\/\/rioescabas.com\/en\/wp-content\/uploads\/sites\/2\/Beteta_castillo-copy-768x452.webp 768w, https:\/\/rioescabas.com\/en\/wp-content\/uploads\/sites\/2\/Beteta_castillo-copy-300x177.webp 300w, https:\/\/rioescabas.com\/en\/wp-content\/uploads\/sites\/2\/Beteta_castillo-copy.webp 1000w\" sizes=\"(max-width: 768px) 100vw, 768px\" \/><\/div><\/a>\n\t\t\t\t<div class=\"elementor-post__badge\">El Diario de Rioescabas<\/div>\n\t\t\t\t<div class=\"elementor-post__text\">\n\t\t\t\t<h3 class=\"elementor-post__title\">\n\t\t\t<a href=\"https:\/\/rioescabas.com\/en\/beteta-y-las-ruinas-del-castillo-fuertescusa-naturaleza-y-historia-en-perfecta-armonia\/\" >\n\t\t\t\tBeteta and the Ruins of Fuertescusa Castle: Nature and History in Perfect Harmony\t\t\t<\/a>\n\t\t<\/h3>\n\t\t\t\t<div class=\"elementor-post__excerpt\">\n\t\t\t<p>Beteta, a small town located in the province of Cuenca, Spain, is a destination that perfectly combines natural beauty with ancient history. Among its highlights<\/p>\n\t\t<\/div>\n\t\t\n\t\t<a class=\"elementor-post__read-more\" href=\"https:\/\/rioescabas.com\/en\/beteta-y-las-ruinas-del-castillo-fuertescusa-naturaleza-y-historia-en-perfecta-armonia\/\" aria-label=\"M\u00e1s informaci\u00f3n sobre Beteta and the Ruins of Fuertescusa Castle: Nature and History in Perfect Harmony\" tabindex=\"-1\" >\n\t\t\tRead more \u00bb\t\t<\/a>\n\n\t\t\t\t<\/div>\n\t\t\t\t\t<\/div>\n\t\t<\/article>\n\t\t\t\t<article class=\"elementor-post elementor-grid-item post-1551 post type-post status-publish format-standard has-post-thumbnail hentry category-el-diario-de-rioescabas\" role=\"listitem\">\n\t\t\t<div class=\"elementor-post__card\">\n\t\t\t\t<a class=\"elementor-post__thumbnail__link\" href=\"https:\/\/rioescabas.com\/en\/la-ruta-del-mimbre-en-cuenca-un-viaje-a-la-tradicion-y-la-creatividad\/\" tabindex=\"-1\" ><div class=\"elementor-post__thumbnail\"><img decoding=\"async\" width=\"768\" height=\"555\" src=\"https:\/\/rioescabas.com\/en\/wp-content\/uploads\/sites\/2\/rutamimbre-by-andoyreando-1024x740-1-768x555.webp\" class=\"attachment-medium_large size-medium_large wp-image-1532\" alt=\"\" srcset=\"https:\/\/rioescabas.com\/en\/wp-content\/uploads\/sites\/2\/rutamimbre-by-andoyreando-1024x740-1-768x555.webp 768w, https:\/\/rioescabas.com\/en\/wp-content\/uploads\/sites\/2\/rutamimbre-by-andoyreando-1024x740-1-300x217.webp 300w, https:\/\/rioescabas.com\/en\/wp-content\/uploads\/sites\/2\/rutamimbre-by-andoyreando-1024x740-1.webp 1024w\" sizes=\"(max-width: 768px) 100vw, 768px\" \/><\/div><\/a>\n\t\t\t\t<div class=\"elementor-post__badge\">El Diario de Rioescabas<\/div>\n\t\t\t\t<div class=\"elementor-post__text\">\n\t\t\t\t<h3 class=\"elementor-post__title\">\n\t\t\t<a href=\"https:\/\/rioescabas.com\/en\/la-ruta-del-mimbre-en-cuenca-un-viaje-a-la-tradicion-y-la-creatividad\/\" >\n\t\t\t\tThe Wicker Route in Cuenca, A Journey to Tradition and Creativity\t\t\t<\/a>\n\t\t<\/h3>\n\t\t\t\t<div class=\"elementor-post__excerpt\">\n\t\t\t<p>Cuenca, a picturesque city in central Spain, is famous for its rich history, stunning scenery and vibrant culture. But there is one craft tradition that<\/p>\n\t\t<\/div>\n\t\t\n\t\t<a class=\"elementor-post__read-more\" href=\"https:\/\/rioescabas.com\/en\/la-ruta-del-mimbre-en-cuenca-un-viaje-a-la-tradicion-y-la-creatividad\/\" aria-label=\"M\u00e1s informaci\u00f3n sobre The Wicker Route in Cuenca, A Journey to Tradition and Creativity\" tabindex=\"-1\" >\n\t\t\tRead more \u00bb\t\t<\/a>\n\n\t\t\t\t<\/div>\n\t\t\t\t\t<\/div>\n\t\t<\/article>\n\t\t\t\t<article class=\"elementor-post elementor-grid-item post-1465 post type-post status-publish format-standard has-post-thumbnail hentry category-el-diario-de-rioescabas\" role=\"listitem\">\n\t\t\t<div class=\"elementor-post__card\">\n\t\t\t\t<a class=\"elementor-post__thumbnail__link\" href=\"https:\/\/rioescabas.com\/en\/las-mejores-5-rutas-de-senderismo-en-la-serrania-de-cuenca\/\" tabindex=\"-1\" ><div class=\"elementor-post__thumbnail\"><img decoding=\"async\" width=\"768\" height=\"512\" src=\"https:\/\/rioescabas.com\/en\/wp-content\/uploads\/sites\/2\/hiker-rio-escabas-768x512.webp\" class=\"attachment-medium_large size-medium_large wp-image-1507\" alt=\"\" srcset=\"https:\/\/rioescabas.com\/en\/wp-content\/uploads\/sites\/2\/hiker-rio-escabas-768x512.webp 768w, https:\/\/rioescabas.com\/en\/wp-content\/uploads\/sites\/2\/hiker-rio-escabas-300x200.webp 300w, https:\/\/rioescabas.com\/en\/wp-content\/uploads\/sites\/2\/hiker-rio-escabas-1024x683.webp 1024w, https:\/\/rioescabas.com\/en\/wp-content\/uploads\/sites\/2\/hiker-rio-escabas.webp 1200w\" sizes=\"(max-width: 768px) 100vw, 768px\" \/><\/div><\/a>\n\t\t\t\t<div class=\"elementor-post__badge\">El Diario de Rioescabas<\/div>\n\t\t\t\t<div class=\"elementor-post__text\">\n\t\t\t\t<h3 class=\"elementor-post__title\">\n\t\t\t<a href=\"https:\/\/rioescabas.com\/en\/las-mejores-5-rutas-de-senderismo-en-la-serrania-de-cuenca\/\" >\n\t\t\t\tThe best 5 hiking routes in the Cuenca mountain range\t\t\t<\/a>\n\t\t<\/h3>\n\t\t\t\t<div class=\"elementor-post__excerpt\">\n\t\t\t<p>The Cuenca mountain range is a paradise for nature lovers and hikers. Located in the province of Cuenca, in the heart of Spain, this mountainous<\/p>\n\t\t<\/div>\n\t\t\n\t\t<a class=\"elementor-post__read-more\" href=\"https:\/\/rioescabas.com\/en\/las-mejores-5-rutas-de-senderismo-en-la-serrania-de-cuenca\/\" aria-label=\"M\u00e1s informaci\u00f3n sobre The best 5 hiking routes in the Cuenca mountain range\" tabindex=\"-1\" >\n\t\t\tRead more \u00bb\t\t<\/a>\n\n\t\t\t\t<\/div>\n\t\t\t\t\t<\/div>\n\t\t<\/article>\n\t\t\t\t<article class=\"elementor-post elementor-grid-item post-1463 post type-post status-publish format-standard has-post-thumbnail hentry category-el-diario-de-rioescabas\" role=\"listitem\">\n\t\t\t<div class=\"elementor-post__card\">\n\t\t\t\t<a class=\"elementor-post__thumbnail__link\" href=\"https:\/\/rioescabas.com\/en\/10-mejores-sitios-que-visitar-en-la-serrania-de-cuenca\/\" tabindex=\"-1\" ><div class=\"elementor-post__thumbnail\"><img loading=\"lazy\" decoding=\"async\" width=\"768\" height=\"494\" src=\"https:\/\/rioescabas.com\/en\/wp-content\/uploads\/sites\/2\/paisaje-atardecer-serrania-cuenca-by-C.Reyes-copy-1-768x494.webp\" class=\"attachment-medium_large size-medium_large wp-image-1340\" alt=\"\" srcset=\"https:\/\/rioescabas.com\/en\/wp-content\/uploads\/sites\/2\/paisaje-atardecer-serrania-cuenca-by-C.Reyes-copy-1-768x494.webp 768w, https:\/\/rioescabas.com\/en\/wp-content\/uploads\/sites\/2\/paisaje-atardecer-serrania-cuenca-by-C.Reyes-copy-1-300x193.webp 300w, https:\/\/rioescabas.com\/en\/wp-content\/uploads\/sites\/2\/paisaje-atardecer-serrania-cuenca-by-C.Reyes-copy-1-1024x658.webp 1024w, https:\/\/rioescabas.com\/en\/wp-content\/uploads\/sites\/2\/paisaje-atardecer-serrania-cuenca-by-C.Reyes-copy-1-1536x987.webp 1536w, https:\/\/rioescabas.com\/en\/wp-content\/uploads\/sites\/2\/paisaje-atardecer-serrania-cuenca-by-C.Reyes-copy-1.webp 1920w\" sizes=\"(max-width: 768px) 100vw, 768px\" \/><\/div><\/a>\n\t\t\t\t<div class=\"elementor-post__badge\">El Diario de Rioescabas<\/div>\n\t\t\t\t<div class=\"elementor-post__text\">\n\t\t\t\t<h3 class=\"elementor-post__title\">\n\t\t\t<a href=\"https:\/\/rioescabas.com\/en\/10-mejores-sitios-que-visitar-en-la-serrania-de-cuenca\/\" >\n\t\t\t\t10 best places to visit in the mountains of Cuenca\t\t\t<\/a>\n\t\t<\/h3>\n\t\t\t\t<div class=\"elementor-post__excerpt\">\n\t\t\t<p>The Serran\u00eda de Cuenca in Spain is a stunning destination offering a variety of natural landscapes and historical monuments. Here are the top 10 places<\/p>\n\t\t<\/div>\n\t\t\n\t\t<a class=\"elementor-post__read-more\" href=\"https:\/\/rioescabas.com\/en\/10-mejores-sitios-que-visitar-en-la-serrania-de-cuenca\/\" aria-label=\"M\u00e1s informaci\u00f3n sobre 10 best places to visit in the mountains of Cuenca\" tabindex=\"-1\" >\n\t\t\tRead more \u00bb\t\t<\/a>\n\n\t\t\t\t<\/div>\n\t\t\t\t\t<\/div>\n\t\t<\/article>\n\t\t\t\t<\/div>\n\t\t\n\t\t\t\t\t\t<\/div>\n\t\t\t\t<\/div>\n\t\t\t\t\t<\/div>\n\t\t\t\t<\/div>\n\t\t<div class=\"elementor-element elementor-element-4f9b553 e-flex e-con-boxed e-con e-parent\" data-id=\"4f9b553\" data-element_type=\"container\" data-e-type=\"container\" data-settings=\"{&quot;background_background&quot;:&quot;classic&quot;}\">\n\t\t\t\t\t<div class=\"e-con-inner\">\n\t\t\t\t<div class=\"elementor-element elementor-element-d5754b7 elementor-widget-mobile__width-initial elementor-widget elementor-widget-heading\" data-id=\"d5754b7\" data-element_type=\"widget\" data-e-type=\"widget\" data-widget_type=\"heading.default\">\n\t\t\t\t<div class=\"elementor-widget-container\">\n\t\t\t\t\t<h2 class=\"elementor-heading-title elementor-size-default\">R\u00edo Escabas Experiences<\/h2>\t\t\t\t<\/div>\n\t\t\t\t<\/div>\n\t\t\t\t<div class=\"elementor-element elementor-element-9bbaad6 elementor-align-justify elementor-widget__width-initial elementor-widget-laptop__width-initial elementor-tablet-align-justify elementor-widget-tablet__width-initial elementor-widget elementor-widget-button\" data-id=\"9bbaad6\" data-element_type=\"widget\" data-e-type=\"widget\" data-widget_type=\"button.default\">\n\t\t\t\t<div class=\"elementor-widget-container\">\n\t\t\t\t\t\t\t\t\t<div class=\"elementor-button-wrapper\">\n\t\t\t\t\t<a class=\"elementor-button elementor-size-sm elementor-animation-float\" role=\"button\">\n\t\t\t\t\t\t<span class=\"elementor-button-content-wrapper\">\n\t\t\t\t\t\t\t\t\t<span class=\"elementor-button-text\">GUIADAS<\/span>\n\t\t\t\t\t<\/span>\n\t\t\t\t\t<\/a>\n\t\t\t\t<\/div>\n\t\t\t\t\t\t\t\t<\/div>\n\t\t\t\t<\/div>\n\t\t\t\t<div class=\"elementor-element elementor-element-c47a3cc elementor-align-justify elementor-widget__width-initial elementor-widget-mobile__width-initial elementor-widget-tablet__width-initial elementor-widget elementor-widget-button\" data-id=\"c47a3cc\" data-element_type=\"widget\" data-e-type=\"widget\" data-widget_type=\"button.default\">\n\t\t\t\t<div class=\"elementor-widget-container\">\n\t\t\t\t\t\t\t\t\t<div class=\"elementor-button-wrapper\">\n\t\t\t\t\t<a class=\"elementor-button elementor-size-sm elementor-animation-float\" role=\"button\">\n\t\t\t\t\t\t<span class=\"elementor-button-content-wrapper\">\n\t\t\t\t\t\t\t\t\t<span class=\"elementor-button-text\">AUTO GUIADAS<\/span>\n\t\t\t\t\t<\/span>\n\t\t\t\t\t<\/a>\n\t\t\t\t<\/div>\n\t\t\t\t\t\t\t\t<\/div>\n\t\t\t\t<\/div>\n\t\t\t\t\t<\/div>\n\t\t\t\t<\/div>\n\t\t\t\t<\/div>\n\t\t","protected":false},"excerpt":{"rendered":"<p>R\u00edo EscabasHotel en la Serran\u00eda de Cuenca BLOG Todas las facilidades y el mejor precio a su alcance, r\u00e1pido y sencillo. [av_calendar id=1] Welcome to the blog of Hotel R\u00edo Escabas, your guide to discover the wonders of Ca\u00f1amares in the Sierra de Cuenca. Our blog offers you a carefully selected list of the best [&hellip;]<\/p>\n","protected":false},"author":1,"featured_media":0,"parent":0,"menu_order":0,"comment_status":"closed","ping_status":"closed","template":"","meta":{"_acf_changed":false,"footnotes":""},"class_list":["post-1171","page","type-page","status-publish","hentry"],"acf":[],"yoast_head":"<!-- This site is optimized with the Yoast SEO plugin v27.4 - https:\/\/yoast.com\/product\/yoast-seo-wordpress\/ -->\n<title>Blog Hotel R\u00edo Escabas- en Ca\u00f1amares. La Sierra de Cuenca<\/title>\n<meta name=\"description\" content=\"Nuestro blog te ofrece una lista cuidadosamente seleccionada de las mejores actividades y sitios para disfrutar en La Sierra de Cuenca.\" \/>\n<meta name=\"robots\" content=\"index, follow, max-snippet:-1, max-image-preview:large, max-video-preview:-1\" \/>\n<link rel=\"canonical\" href=\"https:\/\/rioescabas.com\/en\/blog-rio-escabas\/\" \/>\n<meta property=\"og:locale\" content=\"es_ES\" \/>\n<meta property=\"og:type\" content=\"article\" \/>\n<meta property=\"og:title\" content=\"Blog Hotel R\u00edo Escabas- en Ca\u00f1amares. La Sierra de Cuenca\" \/>\n<meta property=\"og:description\" content=\"Nuestro blog te ofrece una lista cuidadosamente seleccionada de las mejores actividades y sitios para disfrutar en La Sierra de Cuenca.\" \/>\n<meta property=\"og:url\" content=\"https:\/\/rioescabas.com\/en\/blog-rio-escabas\/\" \/>\n<meta property=\"og:site_name\" content=\"Hotel in Cuenca, Spain\" \/>\n<meta property=\"article:modified_time\" content=\"2023-06-12T19:10:08+00:00\" \/>\n<meta property=\"og:image\" content=\"https:\/\/rioescabas.com\/en\/wp-includes\/images\/media\/default.png\" \/>\n<meta name=\"twitter:card\" content=\"summary_large_image\" \/>\n<meta name=\"twitter:label1\" content=\"Tiempo de lectura\" \/>\n\t<meta name=\"twitter:data1\" content=\"4 minutos\" \/>\n<script type=\"application\/ld+json\" class=\"yoast-schema-graph\">{\"@context\":\"https:\\\/\\\/schema.org\",\"@graph\":[{\"@type\":\"WebPage\",\"@id\":\"https:\\\/\\\/rioescabas.com\\\/en\\\/blog-rio-escabas\\\/\",\"url\":\"https:\\\/\\\/rioescabas.com\\\/en\\\/blog-rio-escabas\\\/\",\"name\":\"Blog Hotel R\u00edo Escabas- en Ca\u00f1amares. La Sierra de Cuenca\",\"isPartOf\":{\"@id\":\"https:\\\/\\\/rioescabas.com\\\/en\\\/#website\"},\"primaryImageOfPage\":{\"@id\":\"https:\\\/\\\/rioescabas.com\\\/en\\\/blog-rio-escabas\\\/#primaryimage\"},\"image\":{\"@id\":\"https:\\\/\\\/rioescabas.com\\\/en\\\/blog-rio-escabas\\\/#primaryimage\"},\"thumbnailUrl\":\"https:\\\/\\\/rioescabas.com\\\/en\\\/wp-includes\\\/images\\\/media\\\/default.png\",\"datePublished\":\"2023-05-27T18:27:52+00:00\",\"dateModified\":\"2023-06-12T19:10:08+00:00\",\"description\":\"Nuestro blog te ofrece una lista cuidadosamente seleccionada de las mejores actividades y sitios para disfrutar en La Sierra de Cuenca.\",\"breadcrumb\":{\"@id\":\"https:\\\/\\\/rioescabas.com\\\/en\\\/blog-rio-escabas\\\/#breadcrumb\"},\"inLanguage\":\"es\",\"potentialAction\":[{\"@type\":\"ReadAction\",\"target\":[\"https:\\\/\\\/rioescabas.com\\\/en\\\/blog-rio-escabas\\\/\"]}]},{\"@type\":\"ImageObject\",\"inLanguage\":\"es\",\"@id\":\"https:\\\/\\\/rioescabas.com\\\/en\\\/blog-rio-escabas\\\/#primaryimage\",\"url\":\"https:\\\/\\\/rioescabas.com\\\/en\\\/wp-includes\\\/images\\\/media\\\/default.png\",\"contentUrl\":\"https:\\\/\\\/rioescabas.com\\\/en\\\/wp-includes\\\/images\\\/media\\\/default.png\"},{\"@type\":\"BreadcrumbList\",\"@id\":\"https:\\\/\\\/rioescabas.com\\\/en\\\/blog-rio-escabas\\\/#breadcrumb\",\"itemListElement\":[{\"@type\":\"ListItem\",\"position\":1,\"name\":\"Portada\",\"item\":\"https:\\\/\\\/rioescabas.com\\\/en\\\/\"},{\"@type\":\"ListItem\",\"position\":2,\"name\":\"Blog R\u00edo Escabas\"}]},{\"@type\":\"WebSite\",\"@id\":\"https:\\\/\\\/rioescabas.com\\\/en\\\/#website\",\"url\":\"https:\\\/\\\/rioescabas.com\\\/en\\\/\",\"name\":\"Hotel in Cuenca, Spain\",\"description\":\"Hotel en la Serran\u00eda de Cuenca\",\"publisher\":{\"@id\":\"https:\\\/\\\/rioescabas.com\\\/en\\\/#organization\"},\"potentialAction\":[{\"@type\":\"SearchAction\",\"target\":{\"@type\":\"EntryPoint\",\"urlTemplate\":\"https:\\\/\\\/rioescabas.com\\\/en\\\/?s={search_term_string}\"},\"query-input\":{\"@type\":\"PropertyValueSpecification\",\"valueRequired\":true,\"valueName\":\"search_term_string\"}}],\"inLanguage\":\"es\"},{\"@type\":\"Organization\",\"@id\":\"https:\\\/\\\/rioescabas.com\\\/en\\\/#organization\",\"name\":\"Hotel in Cuenca, Spain\",\"url\":\"https:\\\/\\\/rioescabas.com\\\/en\\\/\",\"logo\":{\"@type\":\"ImageObject\",\"inLanguage\":\"es\",\"@id\":\"https:\\\/\\\/rioescabas.com\\\/en\\\/#\\\/schema\\\/logo\\\/image\\\/\",\"url\":\"https:\\\/\\\/rioescabas.com\\\/en\\\/wp-content\\\/uploads\\\/sites\\\/2\\\/logo-rio-escabas.webp\",\"contentUrl\":\"https:\\\/\\\/rioescabas.com\\\/en\\\/wp-content\\\/uploads\\\/sites\\\/2\\\/logo-rio-escabas.webp\",\"width\":712,\"height\":712,\"caption\":\"Hotel in Cuenca, Spain\"},\"image\":{\"@id\":\"https:\\\/\\\/rioescabas.com\\\/en\\\/#\\\/schema\\\/logo\\\/image\\\/\"}}]}<\/script>\n<!-- \/ Yoast SEO plugin. -->","yoast_head_json":{"title":"Blog Hotel R\u00edo Escabas- en Ca\u00f1amares. La Sierra de Cuenca","description":"Nuestro blog te ofrece una lista cuidadosamente seleccionada de las mejores actividades y sitios para disfrutar en La Sierra de Cuenca.","robots":{"index":"index","follow":"follow","max-snippet":"max-snippet:-1","max-image-preview":"max-image-preview:large","max-video-preview":"max-video-preview:-1"},"canonical":"https:\/\/rioescabas.com\/en\/blog-rio-escabas\/","og_locale":"es_ES","og_type":"article","og_title":"Blog Hotel R\u00edo Escabas- en Ca\u00f1amares. La Sierra de Cuenca","og_description":"Nuestro blog te ofrece una lista cuidadosamente seleccionada de las mejores actividades y sitios para disfrutar en La Sierra de Cuenca.","og_url":"https:\/\/rioescabas.com\/en\/blog-rio-escabas\/","og_site_name":"Hotel in Cuenca, Spain","article_modified_time":"2023-06-12T19:10:08+00:00","og_image":[{"url":"https:\/\/rioescabas.com\/en\/wp-includes\/images\/media\/default.png","type":"","width":"","height":""}],"twitter_card":"summary_large_image","twitter_misc":{"Tiempo de lectura":"4 minutos"},"schema":{"@context":"https:\/\/schema.org","@graph":[{"@type":"WebPage","@id":"https:\/\/rioescabas.com\/en\/blog-rio-escabas\/","url":"https:\/\/rioescabas.com\/en\/blog-rio-escabas\/","name":"Blog Hotel R\u00edo Escabas- en Ca\u00f1amares. La Sierra de Cuenca","isPartOf":{"@id":"https:\/\/rioescabas.com\/en\/#website"},"primaryImageOfPage":{"@id":"https:\/\/rioescabas.com\/en\/blog-rio-escabas\/#primaryimage"},"image":{"@id":"https:\/\/rioescabas.com\/en\/blog-rio-escabas\/#primaryimage"},"thumbnailUrl":"https:\/\/rioescabas.com\/en\/wp-includes\/images\/media\/default.png","datePublished":"2023-05-27T18:27:52+00:00","dateModified":"2023-06-12T19:10:08+00:00","description":"Nuestro blog te ofrece una lista cuidadosamente seleccionada de las mejores actividades y sitios para disfrutar en La Sierra de Cuenca.","breadcrumb":{"@id":"https:\/\/rioescabas.com\/en\/blog-rio-escabas\/#breadcrumb"},"inLanguage":"es","potentialAction":[{"@type":"ReadAction","target":["https:\/\/rioescabas.com\/en\/blog-rio-escabas\/"]}]},{"@type":"ImageObject","inLanguage":"es","@id":"https:\/\/rioescabas.com\/en\/blog-rio-escabas\/#primaryimage","url":"https:\/\/rioescabas.com\/en\/wp-includes\/images\/media\/default.png","contentUrl":"https:\/\/rioescabas.com\/en\/wp-includes\/images\/media\/default.png"},{"@type":"BreadcrumbList","@id":"https:\/\/rioescabas.com\/en\/blog-rio-escabas\/#breadcrumb","itemListElement":[{"@type":"ListItem","position":1,"name":"Portada","item":"https:\/\/rioescabas.com\/en\/"},{"@type":"ListItem","position":2,"name":"Blog R\u00edo Escabas"}]},{"@type":"WebSite","@id":"https:\/\/rioescabas.com\/en\/#website","url":"https:\/\/rioescabas.com\/en\/","name":"Hotel in Cuenca, Spain","description":"Hotel en la Serran\u00eda de Cuenca","publisher":{"@id":"https:\/\/rioescabas.com\/en\/#organization"},"potentialAction":[{"@type":"SearchAction","target":{"@type":"EntryPoint","urlTemplate":"https:\/\/rioescabas.com\/en\/?s={search_term_string}"},"query-input":{"@type":"PropertyValueSpecification","valueRequired":true,"valueName":"search_term_string"}}],"inLanguage":"es"},{"@type":"Organization","@id":"https:\/\/rioescabas.com\/en\/#organization","name":"Hotel in Cuenca, Spain","url":"https:\/\/rioescabas.com\/en\/","logo":{"@type":"ImageObject","inLanguage":"es","@id":"https:\/\/rioescabas.com\/en\/#\/schema\/logo\/image\/","url":"https:\/\/rioescabas.com\/en\/wp-content\/uploads\/sites\/2\/logo-rio-escabas.webp","contentUrl":"https:\/\/rioescabas.com\/en\/wp-content\/uploads\/sites\/2\/logo-rio-escabas.webp","width":712,"height":712,"caption":"Hotel in Cuenca, Spain"},"image":{"@id":"https:\/\/rioescabas.com\/en\/#\/schema\/logo\/image\/"}}]}},"_links":{"self":[{"href":"https:\/\/rioescabas.com\/en\/wp-json\/wp\/v2\/pages\/1171","targetHints":{"allow":["GET"]}}],"collection":[{"href":"https:\/\/rioescabas.com\/en\/wp-json\/wp\/v2\/pages"}],"about":[{"href":"https:\/\/rioescabas.com\/en\/wp-json\/wp\/v2\/types\/page"}],"author":[{"embeddable":true,"href":"https:\/\/rioescabas.com\/en\/wp-json\/wp\/v2\/users\/1"}],"replies":[{"embeddable":true,"href":"https:\/\/rioescabas.com\/en\/wp-json\/wp\/v2\/comments?post=1171"}],"version-history":[{"count":12,"href":"https:\/\/rioescabas.com\/en\/wp-json\/wp\/v2\/pages\/1171\/revisions"}],"predecessor-version":[{"id":3169,"href":"https:\/\/rioescabas.com\/en\/wp-json\/wp\/v2\/pages\/1171\/revisions\/3169"}],"wp:attachment":[{"href":"https:\/\/rioescabas.com\/en\/wp-json\/wp\/v2\/media?parent=1171"}],"curies":[{"name":"wp","href":"https:\/\/api.w.org\/{rel}","templated":true}]}}